{"id":84,"date":"2023-01-12T18:38:58","date_gmt":"2023-01-12T18:38:58","guid":{"rendered":"https:\/\/ledamoslavuelta.org\/?page_id=84"},"modified":"2025-02-14T15:20:47","modified_gmt":"2025-02-14T15:20:47","slug":"tienda-online","status":"publish","type":"page","link":"https:\/\/ledamoslavuelta.org\/index.php\/tienda-online\/","title":{"rendered":"Tienda Online"},"content":{"rendered":"<p>[et_pb_section fb_built=\u00bb1&#8243; next_background_color=\u00bb#ffffff\u00bb admin_label=\u00bbHeader\u00bb _builder_version=\u00bb4.19.4&#8243; _module_preset=\u00bbdefault\u00bb background_color=\u00bb#c3ea6e\u00bb background_image=\u00bbhttps:\/\/ledamoslavuelta.org\/wp-content\/uploads\/2021\/05\/pet-shop-19.png\u00bb parallax=\u00bbon\u00bb custom_margin=\u00bb||4vw||false|false\u00bb custom_padding=\u00bb||||false|false\u00bb bottom_divider_style=\u00bbcurve\u00bb bottom_divider_height=\u00bb21vw\u00bb bottom_divider_repeat=\u00bb0.7x\u00bb global_colors_info=\u00bb{}\u00bb][et_pb_row column_structure=\u00bb1_2,1_2&#8243; _builder_version=\u00bb4.24.0&#8243; _module_preset=\u00bbdefault\u00bb locked=\u00bboff\u00bb global_colors_info=\u00bb{}\u00bb][et_pb_column type=\u00bb1_2&#8243; _builder_version=\u00bb4.16&#8243; _module_preset=\u00bbdefault\u00bb custom_padding=\u00bb50px||||false|false\u00bb custom_padding_tablet=\u00bb0px||||false|false\u00bb custom_padding_phone=\u00bb\u00bb custom_padding_last_edited=\u00bbon|desktop\u00bb global_colors_info=\u00bb{}\u00bb][et_pb_text _builder_version=\u00bb4.19.4&#8243; _module_preset=\u00bbdefault\u00bb header_font=\u00bbAutour One|700|||||||\u00bb header_text_color=\u00bb#000000&#8243; header_font_size=\u00bb52px\u00bb header_line_height=\u00bb1.3em\u00bb header_2_line_height=\u00bb1.3em\u00bb width=\u00bb100%\u00bb custom_margin=\u00bb||10px||false|false\u00bb header_font_size_tablet=\u00bb30px\u00bb header_font_size_phone=\u00bb24px\u00bb header_font_size_last_edited=\u00bbon|phone\u00bb header_line_height_tablet=\u00bb1.5em\u00bb header_line_height_phone=\u00bb1.6em\u00bb header_line_height_last_edited=\u00bbon|phone\u00bb header_2_line_height_tablet=\u00bb1.5em\u00bb header_2_line_height_phone=\u00bb1.6em\u00bb header_2_line_height_last_edited=\u00bbon|desktop\u00bb locked=\u00bboff\u00bb global_colors_info=\u00bb{}\u00bb]<\/p>\n<h1>Tienda online<\/h1>\n<p>[\/et_pb_text][et_pb_text _builder_version=\u00bb4.16&#8243; _module_preset=\u00bbdefault\u00bb text_font=\u00bbJosefin Sans||||||||\u00bb text_text_color=\u00bb#000000&#8243; text_font_size=\u00bb22px\u00bb text_line_height=\u00bb1.4em\u00bb header_2_line_height=\u00bb1.3em\u00bb text_font_size_tablet=\u00bb18px\u00bb text_font_size_phone=\u00bb14px\u00bb text_font_size_last_edited=\u00bbon|tablet\u00bb text_line_height_tablet=\u00bb1.6em\u00bb text_line_height_phone=\u00bb1.8em\u00bb text_line_height_last_edited=\u00bbon|phone\u00bb header_2_line_height_tablet=\u00bb1.5em\u00bb header_2_line_height_phone=\u00bb1.6em\u00bb header_2_line_height_last_edited=\u00bbon|desktop\u00bb global_colors_info=\u00bb{}\u00bb]<\/p>\n<p>Elige c\u00f3modamente desde tu casa y recoge tu pedido en nuestras tiendas.<\/p>\n<p>[\/et_pb_text][\/et_pb_column][et_pb_column type=\u00bb1_2&#8243; _builder_version=\u00bb4.16&#8243; _module_preset=\u00bbdefault\u00bb global_colors_info=\u00bb{}\u00bb][et_pb_image src=\u00bbhttps:\/\/ledamoslavuelta.org\/wp-content\/uploads\/2023\/01\/pet-shop-64.png\u00bb title_text=\u00bbpet-shop-64&#8243; align=\u00bbright\u00bb _builder_version=\u00bb4.24.0&#8243; _module_preset=\u00bbdefault\u00bb height=\u00bb450px\u00bb max_height_tablet=\u00bb400px\u00bb max_height_phone=\u00bb260px\u00bb max_height_last_edited=\u00bbon|tablet\u00bb custom_margin=\u00bb||-8vw||false|false\u00bb custom_margin_tablet=\u00bb|0vw|-20vw||false|false\u00bb custom_margin_phone=\u00bb||-30vw||false|false\u00bb custom_margin_last_edited=\u00bboff|desktop\u00bb scroll_horizontal_motion_enable=\u00bbon\u00bb scroll_horizontal_motion=\u00bb0|50|50|100|1|0|-1&#8243; global_colors_info=\u00bb{}\u00bb][\/et_pb_image][\/et_pb_column][\/et_pb_row][\/et_pb_section][et_pb_section fb_built=\u00bb1&#8243; admin_label=\u00bbsection\u00bb _builder_version=\u00bb4.20.4&#8243; global_colors_info=\u00bb{}\u00bb][et_pb_row column_structure=\u00bb1_3,2_3&#8243; _builder_version=\u00bb4.21.0&#8243; _module_preset=\u00bbdefault\u00bb global_colors_info=\u00bb{}\u00bb][et_pb_column type=\u00bb1_3&#8243; _builder_version=\u00bb4.21.0&#8243; _module_preset=\u00bbdefault\u00bb global_colors_info=\u00bb{}\u00bb][et_pb_text admin_label=\u00bbTitle &#8211; Categor\u00edas\u00bb _builder_version=\u00bb4.21.0&#8243; _module_preset=\u00bbdefault\u00bb global_colors_info=\u00bb{}\u00bb]<\/p>\n<h3>Categor\u00edas<\/h3>\n<p>[\/et_pb_text][\/et_pb_column][et_pb_column type=\u00bb2_3&#8243; _builder_version=\u00bb4.21.0&#8243; _module_preset=\u00bbdefault\u00bb global_colors_info=\u00bb{}\u00bb][\/et_pb_column][\/et_pb_row][et_pb_row column_structure=\u00bb1_6,1_6,1_6,1_6,1_6,1_6&#8243; _builder_version=\u00bb4.21.0&#8243; _module_preset=\u00bbdefault\u00bb global_colors_info=\u00bb{}\u00bb][et_pb_column type=\u00bb1_6&#8243; _builder_version=\u00bb4.21.0&#8243; _module_preset=\u00bbdefault\u00bb global_colors_info=\u00bb{}\u00bb][et_pb_image src=\u00bbhttps:\/\/ledamoslavuelta.org\/wp-content\/uploads\/2023\/05\/Cunas.png\u00bb alt=\u00bbCunas\u00bb title_text=\u00bbCunas\u00bb url=\u00bbhttps:\/\/ledamoslavuelta.org\/index.php\/categoria-producto\/cunas\/\u00bb admin_label=\u00bbImage\/Cunas\u00bb _builder_version=\u00bb4.21.0&#8243; _module_preset=\u00bbdefault\u00bb custom_css_after=\u00bbheight:105%;\u00bb global_colors_info=\u00bb{}\u00bb][\/et_pb_image][\/et_pb_column][et_pb_column type=\u00bb1_6&#8243; _builder_version=\u00bb4.21.0&#8243; _module_preset=\u00bbdefault\u00bb global_colors_info=\u00bb{}\u00bb][et_pb_image src=\u00bbhttps:\/\/ledamoslavuelta.org\/wp-content\/uploads\/2023\/05\/Juguetes.png\u00bb alt=\u00bbCunas\u00bb title_text=\u00bbJuguetes\u00bb url=\u00bbhttps:\/\/ledamoslavuelta.org\/index.php\/categoria-producto\/juguetes\/\u00bb admin_label=\u00bbImage\/juguetes\u00bb _builder_version=\u00bb4.21.0&#8243; _module_preset=\u00bbdefault\u00bb global_colors_info=\u00bb{}\u00bb][\/et_pb_image][\/et_pb_column][et_pb_column type=\u00bb1_6&#8243; _builder_version=\u00bb4.21.0&#8243; _module_preset=\u00bbdefault\u00bb global_colors_info=\u00bb{}\u00bb][et_pb_image src=\u00bbhttps:\/\/ledamoslavuelta.org\/wp-content\/uploads\/2023\/05\/Ropa.png\u00bb alt=\u00bbRopa\u00bb title_text=\u00bbRopa\u00bb url=\u00bbhttps:\/\/ledamoslavuelta.org\/index.php\/categoria-producto\/ropa\/\u00bb admin_label=\u00bbImage\/ropa\u00bb _builder_version=\u00bb4.21.0&#8243; _module_preset=\u00bbdefault\u00bb global_colors_info=\u00bb{}\u00bb][\/et_pb_image][\/et_pb_column][et_pb_column type=\u00bb1_6&#8243; _builder_version=\u00bb4.21.0&#8243; _module_preset=\u00bbdefault\u00bb global_colors_info=\u00bb{}\u00bb][et_pb_image src=\u00bbhttps:\/\/ledamoslavuelta.org\/wp-content\/uploads\/2023\/05\/Sillas-automovil.png\u00bb alt=\u00bbRopa\u00bb title_text=\u00bbSillas-automovil\u00bb url=\u00bbhttps:\/\/ledamoslavuelta.org\/index.php\/categoria-producto\/sillas-automovil\/\u00bb admin_label=\u00bbImage\/sillas automovil\u00bb _builder_version=\u00bb4.21.0&#8243; _module_preset=\u00bbdefault\u00bb global_colors_info=\u00bb{}\u00bb][\/et_pb_image][\/et_pb_column][et_pb_column type=\u00bb1_6&#8243; _builder_version=\u00bb4.21.0&#8243; _module_preset=\u00bbdefault\u00bb global_colors_info=\u00bb{}\u00bb][et_pb_image src=\u00bbhttps:\/\/ledamoslavuelta.org\/wp-content\/uploads\/2023\/05\/Sillas-carros.png\u00bb alt=\u00bbRopa\u00bb title_text=\u00bbSillas-carros\u00bb url=\u00bbhttps:\/\/ledamoslavuelta.org\/index.php\/categoria-producto\/sillas-carros\/\u00bb admin_label=\u00bbImage\/sillas y carros\u00bb _builder_version=\u00bb4.21.0&#8243; _module_preset=\u00bbdefault\u00bb global_colors_info=\u00bb{}\u00bb][\/et_pb_image][\/et_pb_column][et_pb_column type=\u00bb1_6&#8243; _builder_version=\u00bb4.21.0&#8243; _module_preset=\u00bbdefault\u00bb global_colors_info=\u00bb{}\u00bb][et_pb_image src=\u00bbhttps:\/\/ledamoslavuelta.org\/wp-content\/uploads\/2023\/05\/Decoracion.png\u00bb alt=\u00bbRopa\u00bb title_text=\u00bbDecoracion\u00bb url=\u00bbhttps:\/\/ledamoslavuelta.org\/index.php\/categoria-producto\/decoracion\/\u00bb admin_label=\u00bbImage\/decoracion\u00bb _builder_version=\u00bb4.21.0&#8243; _module_preset=\u00bbdefault\u00bb global_colors_info=\u00bb{}\u00bb][\/et_pb_image][\/et_pb_column][\/et_pb_row][et_pb_row admin_label=\u00bbRow\u00bb _builder_version=\u00bb4.20.4&#8243; _module_preset=\u00bbdefault\u00bb global_colors_info=\u00bb{}\u00bb][et_pb_column type=\u00bb4_4&#8243; _builder_version=\u00bb4.20.4&#8243; _module_preset=\u00bbdefault\u00bb global_colors_info=\u00bb{}\u00bb][et_pb_search placeholder=\u00bbBuscar productos&#8230;\u00bb _builder_version=\u00bb4.21.0&#8243; _module_preset=\u00bbdefault\u00bb global_colors_info=\u00bb{}\u00bb][\/et_pb_search][\/et_pb_column][\/et_pb_row][et_pb_row column_structure=\u00bb1_3,2_3&#8243; _builder_version=\u00bb4.21.0&#8243; _module_preset=\u00bbdefault\u00bb global_colors_info=\u00bb{}\u00bb][et_pb_column type=\u00bb1_3&#8243; _builder_version=\u00bb4.21.0&#8243; _module_preset=\u00bbdefault\u00bb global_colors_info=\u00bb{}\u00bb][et_pb_text admin_label=\u00bbTitle &#8211; Productos\u00bb _builder_version=\u00bb4.21.0&#8243; _module_preset=\u00bbdefault\u00bb global_colors_info=\u00bb{}\u00bb]<\/p>\n<h2>Productos<\/h2>\n<p>[\/et_pb_text][\/et_pb_column][et_pb_column type=\u00bb2_3&#8243; _builder_version=\u00bb4.21.0&#8243; _module_preset=\u00bbdefault\u00bb global_colors_info=\u00bb{}\u00bb][\/et_pb_column][\/et_pb_row][et_pb_row _builder_version=\u00bb4.21.0&#8243; _module_preset=\u00bbdefault\u00bb global_colors_info=\u00bb{}\u00bb][et_pb_column type=\u00bb4_4&#8243; _builder_version=\u00bb4.21.0&#8243; _module_preset=\u00bbdefault\u00bb global_colors_info=\u00bb{}\u00bb][et_pb_shop type=\u00bbproduct_category\u00bb include_categories=\u00bball\u00bb admin_label=\u00bbWoo Products\u00bb _builder_version=\u00bb4.20.4&#8243; _module_preset=\u00bbdefault\u00bb global_colors_info=\u00bb{}\u00bb][\/et_pb_shop][\/et_pb_column][\/et_pb_row][\/et_pb_section][et_pb_section fb_built=\u00bb1&#8243; admin_label=\u00bbFooter\u00bb _builder_version=\u00bb4.27.4&#8243; _module_preset=\u00bbdefault\u00bb background_color=\u00bb#f4fafa\u00bb custom_padding=\u00bb0px|||||\u00bb top_divider_style=\u00bbramp\u00bb top_divider_color=\u00bb#ffffff\u00bb top_divider_height=\u00bb80%\u00bb top_divider_flip=\u00bbvertical\u00bb locked=\u00bboff\u00bb global_colors_info=\u00bb{}\u00bb][et_pb_row _builder_version=\u00bb4.19.4&#8243; _module_preset=\u00bbdefault\u00bb global_colors_info=\u00bb{}\u00bb][et_pb_column type=\u00bb4_4&#8243; _builder_version=\u00bb4.16&#8243; _module_preset=\u00bbdefault\u00bb global_colors_info=\u00bb{}\u00bb][et_pb_text _builder_version=\u00bb4.24.0&#8243; _module_preset=\u00bbdefault\u00bb text_font_size=\u00bb16px\u00bb text_line_height=\u00bb1.4em\u00bb header_3_font=\u00bbAutour One|700|||||||\u00bb header_3_text_color=\u00bb#000000&#8243; header_3_font_size=\u00bb16px\u00bb header_3_line_height=\u00bb1.6em\u00bb custom_margin=\u00bb||10px||false|false\u00bb text_font_size_tablet=\u00bb\u00bb text_font_size_phone=\u00bb14px\u00bb text_font_size_last_edited=\u00bbon|phone\u00bb text_line_height_tablet=\u00bb1.6em\u00bb text_line_height_phone=\u00bb1.8em\u00bb text_line_height_last_edited=\u00bbon|tablet\u00bb locked=\u00bboff\u00bb global_colors_info=\u00bb{}\u00bb]<\/p>\n<h3>C\u00e9sar Augusto<\/h3>\n<p>[\/et_pb_text][et_pb_text _builder_version=\u00bb4.27.4&#8243; _module_preset=\u00bbdefault\u00bb text_font=\u00bbJosefin Sans||||||||\u00bb text_text_color=\u00bb#000000&#8243; text_font_size=\u00bb16px\u00bb text_line_height=\u00bb1.4em\u00bb link_text_color=\u00bb#134c5f\u00bb header_3_font=\u00bbAutour One|700|||||||\u00bb header_3_text_color=\u00bb#000000&#8243; header_3_line_height=\u00bb1.4em\u00bb custom_margin=\u00bb-14px|||||\u00bb custom_padding=\u00bb18px|||||\u00bb link_option_url_new_window=\u00bbon\u00bb text_font_size_tablet=\u00bb\u00bb text_font_size_phone=\u00bb14px\u00bb text_font_size_last_edited=\u00bbon|phone\u00bb text_line_height_tablet=\u00bb1.6em\u00bb text_line_height_phone=\u00bb1.8em\u00bb text_line_height_last_edited=\u00bbon|tablet\u00bb header_3_font_size_tablet=\u00bb18px\u00bb header_3_font_size_phone=\u00bb16px\u00bb header_3_font_size_last_edited=\u00bbon|phone\u00bb header_3_line_height_tablet=\u00bb1.5em\u00bb header_3_line_height_phone=\u00bb1.6em\u00bb header_3_line_height_last_edited=\u00bbon|phone\u00bb global_colors_info=\u00bb{}\u00bb]<\/p>\n<p><a href=\"https:\/\/www.google.com\/maps\/dir\/\/Av.+de+C%C3%A9sar+Augusto,+35,+Casco+Antiguo,+50003+Zaragoza\/@41.6545453,-0.966855,12z\/data=!4m8!4m7!1m0!1m5!1m1!1s0xd59145a3ecd7c67:0x8f0e5403d0792671!2m2!1d-0.8844542!2d41.6545747?entry=ttu&amp;g_ep=EgoyMDI1MDEwNy4wIKXMDSoASAFQAw%3D%3D\">Av. de C\u00e9sar Augusto, 35, 50003 Zaragoza<\/a><span><\/span><\/p>\n<p><span>976 20 78 36 \/ 608 25 03 57<\/span><\/p>\n<p><a href=\"mailto:ledamoslavuelta@itakaescolapios.org\">ledamoslavuelta@itakaescolapios.org<\/a><span><\/span><\/p>\n<p><span><\/span><\/p>\n<p>[\/et_pb_text][\/et_pb_column][\/et_pb_row][\/et_pb_section]<\/p>\n","protected":false},"excerpt":{"rendered":"<p>Tienda online Elige c\u00f3modamente desde tu casa y recoge tu pedido en nuestras tiendas.Categor\u00edasProductosC\u00e9sar AugustoAv. de C\u00e9sar Augusto, 35, 50003 Zaragoza 976 20 78 36 \/ 608 25 03 57 ledamoslavuelta@itakaescolapios.org<\/p>\n","protected":false},"author":3,"featured_media":0,"parent":0,"menu_order":0,"comment_status":"closed","ping_status":"closed","template":"","meta":{"_et_pb_use_builder":"on","_et_pb_old_content":"<!-- wp:image {\"align\":\"left\",\"width\":400,\"height\":224,\"sizeSlug\":\"large\"} -->\r\n<figure class=\"wp-block-image alignleft size-large is-resized\"><img src=\"https:\/\/www.oberlo.com\/media\/1652794177-tienda-online.png?fit=max&fm=jpg&w=1824\" alt=\"\" width=\"400\" height=\"224\"\/><\/figure>\r\n<!-- \/wp:image -->\r\n\r\n<!-- wp:group {\"align\":\"full\",\"layout\":{\"type\":\"constrained\",\"justifyContent\":\"left\"}} -->\r\n<div class=\"wp-block-group alignfull\"><!-- wp:paragraph -->\r\n<p><strong>Accede a nuestra tienda online para ver nuestros art\u00edculos de Puericultura.<\/strong><\/p>\r\n<!-- \/wp:paragraph -->\r\n\r\n<!-- wp:paragraph -->\r\n<p><strong>Selecciona aqu\u00e9l que desees, res\u00e9rvalo y rec\u00f3gelo en nuestras tiendas.<\/strong><\/p>\r\n<!-- \/wp:paragraph -->\r\n\r\n<!-- wp:paragraph -->\r\n<p><strong>Estamos seguros de que estar\u00e1s encantad@ con su calidad, estado y limpieza.<\/strong><\/p>\r\n<!-- \/wp:paragraph --><\/div>\r\n<!-- \/wp:group -->","_et_gb_content_width":"","footnotes":""},"class_list":["post-84","page","type-page","status-publish","hentry"],"yoast_head":"<!-- This site is optimized with the Yoast SEO plugin v27.3 - https:\/\/yoast.com\/product\/yoast-seo-wordpress\/ -->\n<title>Tienda Online - Le damos la vuelta<\/title>\n<meta name=\"robots\" content=\"index, follow, max-snippet:-1, max-image-preview:large, max-video-preview:-1\" \/>\n<link rel=\"canonical\" href=\"https:\/\/ledamoslavuelta.org\/index.php\/tienda-online\/\" \/>\n<meta property=\"og:locale\" content=\"es_ES\" \/>\n<meta property=\"og:type\" content=\"article\" \/>\n<meta property=\"og:title\" content=\"Tienda Online - Le damos la vuelta\" \/>\n<meta property=\"og:description\" content=\"Tienda online Elige c\u00f3modamente desde tu casa y recoge tu pedido en nuestras tiendas.Categor\u00edasProductosC\u00e9sar AugustoAv. de C\u00e9sar Augusto, 35, 50003 Zaragoza 976 20 78 36 \/ 608 25 03 57 ledamoslavuelta@itakaescolapios.org\" \/>\n<meta property=\"og:url\" content=\"https:\/\/ledamoslavuelta.org\/index.php\/tienda-online\/\" \/>\n<meta property=\"og:site_name\" content=\"Le damos la vuelta\" \/>\n<meta property=\"article:modified_time\" content=\"2025-02-14T15:20:47+00:00\" \/>\n<meta name=\"twitter:card\" content=\"summary_large_image\" \/>\n<meta name=\"twitter:label1\" content=\"Tiempo de lectura\" \/>\n\t<meta name=\"twitter:data1\" content=\"5 minutos\" \/>\n<script type=\"application\/ld+json\" class=\"yoast-schema-graph\">{\"@context\":\"https:\\\/\\\/schema.org\",\"@graph\":[{\"@type\":\"WebPage\",\"@id\":\"https:\\\/\\\/ledamoslavuelta.org\\\/index.php\\\/tienda-online\\\/\",\"url\":\"https:\\\/\\\/ledamoslavuelta.org\\\/index.php\\\/tienda-online\\\/\",\"name\":\"Tienda Online - Le damos la vuelta\",\"isPartOf\":{\"@id\":\"https:\\\/\\\/ledamoslavuelta.org\\\/#website\"},\"datePublished\":\"2023-01-12T18:38:58+00:00\",\"dateModified\":\"2025-02-14T15:20:47+00:00\",\"breadcrumb\":{\"@id\":\"https:\\\/\\\/ledamoslavuelta.org\\\/index.php\\\/tienda-online\\\/#breadcrumb\"},\"inLanguage\":\"es\",\"potentialAction\":[{\"@type\":\"ReadAction\",\"target\":[\"https:\\\/\\\/ledamoslavuelta.org\\\/index.php\\\/tienda-online\\\/\"]}]},{\"@type\":\"BreadcrumbList\",\"@id\":\"https:\\\/\\\/ledamoslavuelta.org\\\/index.php\\\/tienda-online\\\/#breadcrumb\",\"itemListElement\":[{\"@type\":\"ListItem\",\"position\":1,\"name\":\"Portada\",\"item\":\"https:\\\/\\\/ledamoslavuelta.org\\\/\"},{\"@type\":\"ListItem\",\"position\":2,\"name\":\"Tienda Online\"}]},{\"@type\":\"WebSite\",\"@id\":\"https:\\\/\\\/ledamoslavuelta.org\\\/#website\",\"url\":\"https:\\\/\\\/ledamoslavuelta.org\\\/\",\"name\":\"Le damos la vuelta\",\"description\":\"Tu eres parte del cambio\",\"publisher\":{\"@id\":\"https:\\\/\\\/ledamoslavuelta.org\\\/#organization\"},\"potentialAction\":[{\"@type\":\"SearchAction\",\"target\":{\"@type\":\"EntryPoint\",\"urlTemplate\":\"https:\\\/\\\/ledamoslavuelta.org\\\/?s={search_term_string}\"},\"query-input\":{\"@type\":\"PropertyValueSpecification\",\"valueRequired\":true,\"valueName\":\"search_term_string\"}}],\"inLanguage\":\"es\"},{\"@type\":\"Organization\",\"@id\":\"https:\\\/\\\/ledamoslavuelta.org\\\/#organization\",\"name\":\"Le damos la vuelta\",\"url\":\"https:\\\/\\\/ledamoslavuelta.org\\\/\",\"logo\":{\"@type\":\"ImageObject\",\"inLanguage\":\"es\",\"@id\":\"https:\\\/\\\/ledamoslavuelta.org\\\/#\\\/schema\\\/logo\\\/image\\\/\",\"url\":\"https:\\\/\\\/ledamoslavuelta.org\\\/wp-content\\\/uploads\\\/2022\\\/03\\\/cropped-Def-copia.png\",\"contentUrl\":\"https:\\\/\\\/ledamoslavuelta.org\\\/wp-content\\\/uploads\\\/2022\\\/03\\\/cropped-Def-copia.png\",\"width\":4334,\"height\":3678,\"caption\":\"Le damos la vuelta\"},\"image\":{\"@id\":\"https:\\\/\\\/ledamoslavuelta.org\\\/#\\\/schema\\\/logo\\\/image\\\/\"}}]}<\/script>\n<!-- \/ Yoast SEO plugin. -->","yoast_head_json":{"title":"Tienda Online - Le damos la vuelta","robots":{"index":"index","follow":"follow","max-snippet":"max-snippet:-1","max-image-preview":"max-image-preview:large","max-video-preview":"max-video-preview:-1"},"canonical":"https:\/\/ledamoslavuelta.org\/index.php\/tienda-online\/","og_locale":"es_ES","og_type":"article","og_title":"Tienda Online - Le damos la vuelta","og_description":"Tienda online Elige c\u00f3modamente desde tu casa y recoge tu pedido en nuestras tiendas.Categor\u00edasProductosC\u00e9sar AugustoAv. de C\u00e9sar Augusto, 35, 50003 Zaragoza 976 20 78 36 \/ 608 25 03 57 ledamoslavuelta@itakaescolapios.org","og_url":"https:\/\/ledamoslavuelta.org\/index.php\/tienda-online\/","og_site_name":"Le damos la vuelta","article_modified_time":"2025-02-14T15:20:47+00:00","twitter_card":"summary_large_image","twitter_misc":{"Tiempo de lectura":"5 minutos"},"schema":{"@context":"https:\/\/schema.org","@graph":[{"@type":"WebPage","@id":"https:\/\/ledamoslavuelta.org\/index.php\/tienda-online\/","url":"https:\/\/ledamoslavuelta.org\/index.php\/tienda-online\/","name":"Tienda Online - Le damos la vuelta","isPartOf":{"@id":"https:\/\/ledamoslavuelta.org\/#website"},"datePublished":"2023-01-12T18:38:58+00:00","dateModified":"2025-02-14T15:20:47+00:00","breadcrumb":{"@id":"https:\/\/ledamoslavuelta.org\/index.php\/tienda-online\/#breadcrumb"},"inLanguage":"es","potentialAction":[{"@type":"ReadAction","target":["https:\/\/ledamoslavuelta.org\/index.php\/tienda-online\/"]}]},{"@type":"BreadcrumbList","@id":"https:\/\/ledamoslavuelta.org\/index.php\/tienda-online\/#breadcrumb","itemListElement":[{"@type":"ListItem","position":1,"name":"Portada","item":"https:\/\/ledamoslavuelta.org\/"},{"@type":"ListItem","position":2,"name":"Tienda Online"}]},{"@type":"WebSite","@id":"https:\/\/ledamoslavuelta.org\/#website","url":"https:\/\/ledamoslavuelta.org\/","name":"Le damos la vuelta","description":"Tu eres parte del cambio","publisher":{"@id":"https:\/\/ledamoslavuelta.org\/#organization"},"potentialAction":[{"@type":"SearchAction","target":{"@type":"EntryPoint","urlTemplate":"https:\/\/ledamoslavuelta.org\/?s={search_term_string}"},"query-input":{"@type":"PropertyValueSpecification","valueRequired":true,"valueName":"search_term_string"}}],"inLanguage":"es"},{"@type":"Organization","@id":"https:\/\/ledamoslavuelta.org\/#organization","name":"Le damos la vuelta","url":"https:\/\/ledamoslavuelta.org\/","logo":{"@type":"ImageObject","inLanguage":"es","@id":"https:\/\/ledamoslavuelta.org\/#\/schema\/logo\/image\/","url":"https:\/\/ledamoslavuelta.org\/wp-content\/uploads\/2022\/03\/cropped-Def-copia.png","contentUrl":"https:\/\/ledamoslavuelta.org\/wp-content\/uploads\/2022\/03\/cropped-Def-copia.png","width":4334,"height":3678,"caption":"Le damos la vuelta"},"image":{"@id":"https:\/\/ledamoslavuelta.org\/#\/schema\/logo\/image\/"}}]}},"jetpack_sharing_enabled":true,"_links":{"self":[{"href":"https:\/\/ledamoslavuelta.org\/index.php\/wp-json\/wp\/v2\/pages\/84","targetHints":{"allow":["GET"]}}],"collection":[{"href":"https:\/\/ledamoslavuelta.org\/index.php\/wp-json\/wp\/v2\/pages"}],"about":[{"href":"https:\/\/ledamoslavuelta.org\/index.php\/wp-json\/wp\/v2\/types\/page"}],"author":[{"embeddable":true,"href":"https:\/\/ledamoslavuelta.org\/index.php\/wp-json\/wp\/v2\/users\/3"}],"replies":[{"embeddable":true,"href":"https:\/\/ledamoslavuelta.org\/index.php\/wp-json\/wp\/v2\/comments?post=84"}],"version-history":[{"count":21,"href":"https:\/\/ledamoslavuelta.org\/index.php\/wp-json\/wp\/v2\/pages\/84\/revisions"}],"predecessor-version":[{"id":627,"href":"https:\/\/ledamoslavuelta.org\/index.php\/wp-json\/wp\/v2\/pages\/84\/revisions\/627"}],"wp:attachment":[{"href":"https:\/\/ledamoslavuelta.org\/index.php\/wp-json\/wp\/v2\/media?parent=84"}],"curies":[{"name":"wp","href":"https:\/\/api.w.org\/{rel}","templated":true}]}}