{"id":523,"date":"2023-11-14T15:23:26","date_gmt":"2023-11-14T15:23:26","guid":{"rendered":"https:\/\/ledamoslavuelta.org\/?post_type=product&#038;p=523"},"modified":"2024-04-10T12:58:01","modified_gmt":"2024-04-10T12:58:01","slug":"la-ultima-batalla","status":"publish","type":"product","link":"https:\/\/ledamoslavuelta.org\/index.php\/producto\/la-ultima-batalla\/","title":{"rendered":"La \u00faltima batalla (Hundir la flota)"},"content":{"rendered":"<p><strong>La \u00daltima Batalla<\/strong>\u00a0es una emocionante versi\u00f3n electr\u00f3nica del cl\u00e1sico juego de estrategia naval, conocido como \u201cHundir la flota\u201d. Dise\u00f1ado para dos jugadores de 5 a\u00f1os en adelante, este juego desaf\u00eda a los participantes a demostrar su habilidad t\u00e1ctica y hundir la flota enemiga. Con efectos de sonido realistas, ofrece una experiencia interactiva y din\u00e1mica. Aunque es un art\u00edculo de segunda mano, el juego est\u00e1 completo y en perfecto estado, con s\u00f3lo algunos peque\u00f1os desperfectos en la caja. \u00a1El juego est\u00e1 listo para proporcionar horas de diversi\u00f3n y rivalidad!<\/p>\n","protected":false},"excerpt":{"rendered":"<p>Juego de mesa electr\u00f3nico \u201cLa \u00daltima Batalla\u201d, versi\u00f3n avanzada de \u201cHundir la flota\u201d. Segunda mano en excelente condici\u00f3n. \u00a1Ideal para desafiar a amigos y familiares!<\/p>\n","protected":false},"featured_media":472,"template":"","meta":{"_et_pb_use_builder":"","_et_pb_old_content":"","_et_gb_content_width":""},"product_brand":[],"product_cat":[41],"product_tag":[],"class_list":{"0":"post-523","1":"product","2":"type-product","3":"status-publish","4":"has-post-thumbnail","6":"product_cat-juegos-de-mesa","8":"first","9":"outofstock","10":"taxable","11":"shipping-taxable","12":"purchasable","13":"product-type-simple"},"yoast_head":"<!-- This site is optimized with the Yoast SEO plugin v27.5 - https:\/\/yoast.com\/product\/yoast-seo-wordpress\/ -->\n<title>La \u00faltima batalla (Hundir la flota) - Le damos la vuelta<\/title>\n<meta name=\"description\" content=\"Juego de mesa electr\u00f3nico \u201cLa \u00daltima Batalla\u201d, versi\u00f3n avanzada de \u201cHundir la flota\u201d. Segunda mano en excelente condici\u00f3n. \u00a1Ideal para desafiar a amigos y familiares!\" \/>\n<meta name=\"robots\" content=\"index, follow, max-snippet:-1, max-image-preview:large, max-video-preview:-1\" \/>\n<link rel=\"canonical\" href=\"https:\/\/ledamoslavuelta.org\/index.php\/producto\/la-ultima-batalla\/\" \/>\n<meta property=\"og:locale\" content=\"es_ES\" \/>\n<meta property=\"og:type\" content=\"article\" \/>\n<meta property=\"og:title\" content=\"La \u00faltima batalla (Hundir la flota) - Le damos la vuelta\" \/>\n<meta property=\"og:description\" content=\"Juego de mesa electr\u00f3nico \u201cLa \u00daltima Batalla\u201d, versi\u00f3n avanzada de \u201cHundir la flota\u201d. Segunda mano en excelente condici\u00f3n. \u00a1Ideal para desafiar a amigos y familiares!\" \/>\n<meta property=\"og:url\" content=\"https:\/\/ledamoslavuelta.org\/index.php\/producto\/la-ultima-batalla\/\" \/>\n<meta property=\"og:site_name\" content=\"Le damos la vuelta\" \/>\n<meta property=\"article:modified_time\" content=\"2024-04-10T12:58:01+00:00\" \/>\n<meta property=\"og:image\" content=\"https:\/\/ledamoslavuelta.org\/wp-content\/uploads\/2023\/11\/IMG_5679.jpg\" \/>\n\t<meta property=\"og:image:width\" content=\"2048\" \/>\n\t<meta property=\"og:image:height\" content=\"1536\" \/>\n\t<meta property=\"og:image:type\" content=\"image\/jpeg\" \/>\n<meta name=\"twitter:card\" content=\"summary_large_image\" \/>\n<meta name=\"twitter:label1\" content=\"Tiempo de lectura\" \/>\n\t<meta name=\"twitter:data1\" content=\"1 minuto\" \/>\n<script type=\"application\/ld+json\" class=\"yoast-schema-graph\">{\"@context\":\"https:\\\/\\\/schema.org\",\"@graph\":[{\"@type\":\"WebPage\",\"@id\":\"https:\\\/\\\/ledamoslavuelta.org\\\/index.php\\\/producto\\\/la-ultima-batalla\\\/\",\"url\":\"https:\\\/\\\/ledamoslavuelta.org\\\/index.php\\\/producto\\\/la-ultima-batalla\\\/\",\"name\":\"La \u00faltima batalla (Hundir la flota) - Le damos la vuelta\",\"isPartOf\":{\"@id\":\"https:\\\/\\\/ledamoslavuelta.org\\\/#website\"},\"primaryImageOfPage\":{\"@id\":\"https:\\\/\\\/ledamoslavuelta.org\\\/index.php\\\/producto\\\/la-ultima-batalla\\\/#primaryimage\"},\"image\":{\"@id\":\"https:\\\/\\\/ledamoslavuelta.org\\\/index.php\\\/producto\\\/la-ultima-batalla\\\/#primaryimage\"},\"thumbnailUrl\":\"https:\\\/\\\/ledamoslavuelta.org\\\/wp-content\\\/uploads\\\/2023\\\/11\\\/IMG_5679.jpg\",\"datePublished\":\"2023-11-14T15:23:26+00:00\",\"dateModified\":\"2024-04-10T12:58:01+00:00\",\"description\":\"Juego de mesa electr\u00f3nico \u201cLa \u00daltima Batalla\u201d, versi\u00f3n avanzada de \u201cHundir la flota\u201d. Segunda mano en excelente condici\u00f3n. \u00a1Ideal para desafiar a amigos y familiares!\",\"breadcrumb\":{\"@id\":\"https:\\\/\\\/ledamoslavuelta.org\\\/index.php\\\/producto\\\/la-ultima-batalla\\\/#breadcrumb\"},\"inLanguage\":\"es\",\"potentialAction\":[{\"@type\":\"ReadAction\",\"target\":[\"https:\\\/\\\/ledamoslavuelta.org\\\/index.php\\\/producto\\\/la-ultima-batalla\\\/\"]}]},{\"@type\":\"ImageObject\",\"inLanguage\":\"es\",\"@id\":\"https:\\\/\\\/ledamoslavuelta.org\\\/index.php\\\/producto\\\/la-ultima-batalla\\\/#primaryimage\",\"url\":\"https:\\\/\\\/ledamoslavuelta.org\\\/wp-content\\\/uploads\\\/2023\\\/11\\\/IMG_5679.jpg\",\"contentUrl\":\"https:\\\/\\\/ledamoslavuelta.org\\\/wp-content\\\/uploads\\\/2023\\\/11\\\/IMG_5679.jpg\",\"width\":2048,\"height\":1536},{\"@type\":\"BreadcrumbList\",\"@id\":\"https:\\\/\\\/ledamoslavuelta.org\\\/index.php\\\/producto\\\/la-ultima-batalla\\\/#breadcrumb\",\"itemListElement\":[{\"@type\":\"ListItem\",\"position\":1,\"name\":\"Portada\",\"item\":\"https:\\\/\\\/ledamoslavuelta.org\\\/\"},{\"@type\":\"ListItem\",\"position\":2,\"name\":\"Tienda Online\",\"item\":\"https:\\\/\\\/ledamoslavuelta.org\\\/index.php\\\/tienda-online\\\/\"},{\"@type\":\"ListItem\",\"position\":3,\"name\":\"La \u00faltima batalla (Hundir la flota)\"}]},{\"@type\":\"WebSite\",\"@id\":\"https:\\\/\\\/ledamoslavuelta.org\\\/#website\",\"url\":\"https:\\\/\\\/ledamoslavuelta.org\\\/\",\"name\":\"Le damos la vuelta\",\"description\":\"Tu eres parte del cambio\",\"publisher\":{\"@id\":\"https:\\\/\\\/ledamoslavuelta.org\\\/#organization\"},\"potentialAction\":[{\"@type\":\"SearchAction\",\"target\":{\"@type\":\"EntryPoint\",\"urlTemplate\":\"https:\\\/\\\/ledamoslavuelta.org\\\/?s={search_term_string}\"},\"query-input\":{\"@type\":\"PropertyValueSpecification\",\"valueRequired\":true,\"valueName\":\"search_term_string\"}}],\"inLanguage\":\"es\"},{\"@type\":\"Organization\",\"@id\":\"https:\\\/\\\/ledamoslavuelta.org\\\/#organization\",\"name\":\"Le damos la vuelta\",\"url\":\"https:\\\/\\\/ledamoslavuelta.org\\\/\",\"logo\":{\"@type\":\"ImageObject\",\"inLanguage\":\"es\",\"@id\":\"https:\\\/\\\/ledamoslavuelta.org\\\/#\\\/schema\\\/logo\\\/image\\\/\",\"url\":\"https:\\\/\\\/ledamoslavuelta.org\\\/wp-content\\\/uploads\\\/2022\\\/03\\\/cropped-Def-copia.png\",\"contentUrl\":\"https:\\\/\\\/ledamoslavuelta.org\\\/wp-content\\\/uploads\\\/2022\\\/03\\\/cropped-Def-copia.png\",\"width\":4334,\"height\":3678,\"caption\":\"Le damos la vuelta\"},\"image\":{\"@id\":\"https:\\\/\\\/ledamoslavuelta.org\\\/#\\\/schema\\\/logo\\\/image\\\/\"}}]}<\/script>\n<!-- \/ Yoast SEO plugin. -->","yoast_head_json":{"title":"La \u00faltima batalla (Hundir la flota) - Le damos la vuelta","description":"Juego de mesa electr\u00f3nico \u201cLa \u00daltima Batalla\u201d, versi\u00f3n avanzada de \u201cHundir la flota\u201d. Segunda mano en excelente condici\u00f3n. \u00a1Ideal para desafiar a amigos y familiares!","robots":{"index":"index","follow":"follow","max-snippet":"max-snippet:-1","max-image-preview":"max-image-preview:large","max-video-preview":"max-video-preview:-1"},"canonical":"https:\/\/ledamoslavuelta.org\/index.php\/producto\/la-ultima-batalla\/","og_locale":"es_ES","og_type":"article","og_title":"La \u00faltima batalla (Hundir la flota) - Le damos la vuelta","og_description":"Juego de mesa electr\u00f3nico \u201cLa \u00daltima Batalla\u201d, versi\u00f3n avanzada de \u201cHundir la flota\u201d. Segunda mano en excelente condici\u00f3n. \u00a1Ideal para desafiar a amigos y familiares!","og_url":"https:\/\/ledamoslavuelta.org\/index.php\/producto\/la-ultima-batalla\/","og_site_name":"Le damos la vuelta","article_modified_time":"2024-04-10T12:58:01+00:00","og_image":[{"width":2048,"height":1536,"url":"https:\/\/ledamoslavuelta.org\/wp-content\/uploads\/2023\/11\/IMG_5679.jpg","type":"image\/jpeg"}],"twitter_card":"summary_large_image","twitter_misc":{"Tiempo de lectura":"1 minuto"},"schema":{"@context":"https:\/\/schema.org","@graph":[{"@type":"WebPage","@id":"https:\/\/ledamoslavuelta.org\/index.php\/producto\/la-ultima-batalla\/","url":"https:\/\/ledamoslavuelta.org\/index.php\/producto\/la-ultima-batalla\/","name":"La \u00faltima batalla (Hundir la flota) - Le damos la vuelta","isPartOf":{"@id":"https:\/\/ledamoslavuelta.org\/#website"},"primaryImageOfPage":{"@id":"https:\/\/ledamoslavuelta.org\/index.php\/producto\/la-ultima-batalla\/#primaryimage"},"image":{"@id":"https:\/\/ledamoslavuelta.org\/index.php\/producto\/la-ultima-batalla\/#primaryimage"},"thumbnailUrl":"https:\/\/ledamoslavuelta.org\/wp-content\/uploads\/2023\/11\/IMG_5679.jpg","datePublished":"2023-11-14T15:23:26+00:00","dateModified":"2024-04-10T12:58:01+00:00","description":"Juego de mesa electr\u00f3nico \u201cLa \u00daltima Batalla\u201d, versi\u00f3n avanzada de \u201cHundir la flota\u201d. Segunda mano en excelente condici\u00f3n. \u00a1Ideal para desafiar a amigos y familiares!","breadcrumb":{"@id":"https:\/\/ledamoslavuelta.org\/index.php\/producto\/la-ultima-batalla\/#breadcrumb"},"inLanguage":"es","potentialAction":[{"@type":"ReadAction","target":["https:\/\/ledamoslavuelta.org\/index.php\/producto\/la-ultima-batalla\/"]}]},{"@type":"ImageObject","inLanguage":"es","@id":"https:\/\/ledamoslavuelta.org\/index.php\/producto\/la-ultima-batalla\/#primaryimage","url":"https:\/\/ledamoslavuelta.org\/wp-content\/uploads\/2023\/11\/IMG_5679.jpg","contentUrl":"https:\/\/ledamoslavuelta.org\/wp-content\/uploads\/2023\/11\/IMG_5679.jpg","width":2048,"height":1536},{"@type":"BreadcrumbList","@id":"https:\/\/ledamoslavuelta.org\/index.php\/producto\/la-ultima-batalla\/#breadcrumb","itemListElement":[{"@type":"ListItem","position":1,"name":"Portada","item":"https:\/\/ledamoslavuelta.org\/"},{"@type":"ListItem","position":2,"name":"Tienda Online","item":"https:\/\/ledamoslavuelta.org\/index.php\/tienda-online\/"},{"@type":"ListItem","position":3,"name":"La \u00faltima batalla (Hundir la flota)"}]},{"@type":"WebSite","@id":"https:\/\/ledamoslavuelta.org\/#website","url":"https:\/\/ledamoslavuelta.org\/","name":"Le damos la vuelta","description":"Tu eres parte del cambio","publisher":{"@id":"https:\/\/ledamoslavuelta.org\/#organization"},"potentialAction":[{"@type":"SearchAction","target":{"@type":"EntryPoint","urlTemplate":"https:\/\/ledamoslavuelta.org\/?s={search_term_string}"},"query-input":{"@type":"PropertyValueSpecification","valueRequired":true,"valueName":"search_term_string"}}],"inLanguage":"es"},{"@type":"Organization","@id":"https:\/\/ledamoslavuelta.org\/#organization","name":"Le damos la vuelta","url":"https:\/\/ledamoslavuelta.org\/","logo":{"@type":"ImageObject","inLanguage":"es","@id":"https:\/\/ledamoslavuelta.org\/#\/schema\/logo\/image\/","url":"https:\/\/ledamoslavuelta.org\/wp-content\/uploads\/2022\/03\/cropped-Def-copia.png","contentUrl":"https:\/\/ledamoslavuelta.org\/wp-content\/uploads\/2022\/03\/cropped-Def-copia.png","width":4334,"height":3678,"caption":"Le damos la vuelta"},"image":{"@id":"https:\/\/ledamoslavuelta.org\/#\/schema\/logo\/image\/"}}]}},"jetpack_sharing_enabled":true,"_links":{"self":[{"href":"https:\/\/ledamoslavuelta.org\/index.php\/wp-json\/wp\/v2\/product\/523","targetHints":{"allow":["GET"]}}],"collection":[{"href":"https:\/\/ledamoslavuelta.org\/index.php\/wp-json\/wp\/v2\/product"}],"about":[{"href":"https:\/\/ledamoslavuelta.org\/index.php\/wp-json\/wp\/v2\/types\/product"}],"wp:featuredmedia":[{"embeddable":true,"href":"https:\/\/ledamoslavuelta.org\/index.php\/wp-json\/wp\/v2\/media\/472"}],"wp:attachment":[{"href":"https:\/\/ledamoslavuelta.org\/index.php\/wp-json\/wp\/v2\/media?parent=523"}],"wp:term":[{"taxonomy":"product_brand","embeddable":true,"href":"https:\/\/ledamoslavuelta.org\/index.php\/wp-json\/wp\/v2\/product_brand?post=523"},{"taxonomy":"product_cat","embeddable":true,"href":"https:\/\/ledamoslavuelta.org\/index.php\/wp-json\/wp\/v2\/product_cat?post=523"},{"taxonomy":"product_tag","embeddable":true,"href":"https:\/\/ledamoslavuelta.org\/index.php\/wp-json\/wp\/v2\/product_tag?post=523"}],"curies":[{"name":"wp","href":"https:\/\/api.w.org\/{rel}","templated":true}]}}