{"id":531,"date":"2023-11-14T15:35:54","date_gmt":"2023-11-14T15:35:54","guid":{"rendered":"https:\/\/ledamoslavuelta.org\/?post_type=product&#038;p=531"},"modified":"2025-03-04T13:07:07","modified_gmt":"2025-03-04T13:07:07","slug":"peluche-sensorial-imaginarium","status":"publish","type":"product","link":"https:\/\/ledamoslavuelta.org\/index.php\/producto\/peluche-sensorial-imaginarium\/","title":{"rendered":"Peluche Sensorial Imaginarium"},"content":{"rendered":"<p>Este\u00a0<strong>Peluche Sensorial de Imaginarium<\/strong>\u00a0es un adorable compa\u00f1ero para tu peque\u00f1o, dise\u00f1ado para estimular el desarrollo sensorial a trav\u00e9s del tacto. Con su suave textura y colores vivos, este juguete en forma de un simp\u00e1tico animal azul, con grandes orejas y ojos redondos, invita a la exploraci\u00f3n y el aprendizaje. Sus ropas incorporan diferentes texturas y elementos interactivos, como botones grandes para fomentar la motricidad fina. Aunque es un art\u00edculo de segunda mano, se encuentra en perfecto estado, listo para ofrecer horas de juego y descubrimiento.<\/p>\n","protected":false},"excerpt":{"rendered":"<p>Peluche Sensorial de Imaginarium, juguete suave y colorido para desarrollo t\u00e1ctil en ni\u00f1os. Segunda mano, excelente condici\u00f3n.<\/p>\n","protected":false},"featured_media":504,"template":"","meta":{"_et_pb_use_builder":"","_et_pb_old_content":"","_et_gb_content_width":""},"product_brand":[],"product_cat":[32],"product_tag":[],"class_list":{"0":"post-531","1":"product","2":"type-product","3":"status-publish","4":"has-post-thumbnail","6":"product_cat-juguetes","8":"first","9":"outofstock","10":"taxable","11":"shipping-taxable","12":"purchasable","13":"product-type-simple"},"yoast_head":"<!-- This site is optimized with the Yoast SEO plugin v27.5 - https:\/\/yoast.com\/product\/yoast-seo-wordpress\/ -->\n<title>Peluche Sensorial Imaginarium - Le damos la vuelta<\/title>\n<meta name=\"description\" content=\"Peluche Sensorial de Imaginarium, juguete suave y colorido para desarrollo t\u00e1ctil en ni\u00f1os. Segunda mano, excelente condici\u00f3n.\" \/>\n<meta name=\"robots\" content=\"index, follow, max-snippet:-1, max-image-preview:large, max-video-preview:-1\" \/>\n<link rel=\"canonical\" href=\"https:\/\/ledamoslavuelta.org\/index.php\/producto\/peluche-sensorial-imaginarium\/\" \/>\n<meta property=\"og:locale\" content=\"es_ES\" \/>\n<meta property=\"og:type\" content=\"article\" \/>\n<meta property=\"og:title\" content=\"Peluche Sensorial Imaginarium - Le damos la vuelta\" \/>\n<meta property=\"og:description\" content=\"Peluche Sensorial de Imaginarium, juguete suave y colorido para desarrollo t\u00e1ctil en ni\u00f1os. Segunda mano, excelente condici\u00f3n.\" \/>\n<meta property=\"og:url\" content=\"https:\/\/ledamoslavuelta.org\/index.php\/producto\/peluche-sensorial-imaginarium\/\" \/>\n<meta property=\"og:site_name\" content=\"Le damos la vuelta\" \/>\n<meta property=\"article:modified_time\" content=\"2025-03-04T13:07:07+00:00\" \/>\n<meta property=\"og:image\" content=\"https:\/\/ledamoslavuelta.org\/wp-content\/uploads\/2023\/11\/IMG_5753.jpg\" \/>\n\t<meta property=\"og:image:width\" content=\"1536\" \/>\n\t<meta property=\"og:image:height\" content=\"2048\" \/>\n\t<meta property=\"og:image:type\" content=\"image\/jpeg\" \/>\n<meta name=\"twitter:card\" content=\"summary_large_image\" \/>\n<meta name=\"twitter:label1\" content=\"Tiempo de lectura\" \/>\n\t<meta name=\"twitter:data1\" content=\"1 minuto\" \/>\n<script type=\"application\/ld+json\" class=\"yoast-schema-graph\">{\"@context\":\"https:\\\/\\\/schema.org\",\"@graph\":[{\"@type\":\"WebPage\",\"@id\":\"https:\\\/\\\/ledamoslavuelta.org\\\/index.php\\\/producto\\\/peluche-sensorial-imaginarium\\\/\",\"url\":\"https:\\\/\\\/ledamoslavuelta.org\\\/index.php\\\/producto\\\/peluche-sensorial-imaginarium\\\/\",\"name\":\"Peluche Sensorial Imaginarium - Le damos la vuelta\",\"isPartOf\":{\"@id\":\"https:\\\/\\\/ledamoslavuelta.org\\\/#website\"},\"primaryImageOfPage\":{\"@id\":\"https:\\\/\\\/ledamoslavuelta.org\\\/index.php\\\/producto\\\/peluche-sensorial-imaginarium\\\/#primaryimage\"},\"image\":{\"@id\":\"https:\\\/\\\/ledamoslavuelta.org\\\/index.php\\\/producto\\\/peluche-sensorial-imaginarium\\\/#primaryimage\"},\"thumbnailUrl\":\"https:\\\/\\\/ledamoslavuelta.org\\\/wp-content\\\/uploads\\\/2023\\\/11\\\/IMG_5753.jpg\",\"datePublished\":\"2023-11-14T15:35:54+00:00\",\"dateModified\":\"2025-03-04T13:07:07+00:00\",\"description\":\"Peluche Sensorial de Imaginarium, juguete suave y colorido para desarrollo t\u00e1ctil en ni\u00f1os. Segunda mano, excelente condici\u00f3n.\",\"breadcrumb\":{\"@id\":\"https:\\\/\\\/ledamoslavuelta.org\\\/index.php\\\/producto\\\/peluche-sensorial-imaginarium\\\/#breadcrumb\"},\"inLanguage\":\"es\",\"potentialAction\":[{\"@type\":\"ReadAction\",\"target\":[\"https:\\\/\\\/ledamoslavuelta.org\\\/index.php\\\/producto\\\/peluche-sensorial-imaginarium\\\/\"]}]},{\"@type\":\"ImageObject\",\"inLanguage\":\"es\",\"@id\":\"https:\\\/\\\/ledamoslavuelta.org\\\/index.php\\\/producto\\\/peluche-sensorial-imaginarium\\\/#primaryimage\",\"url\":\"https:\\\/\\\/ledamoslavuelta.org\\\/wp-content\\\/uploads\\\/2023\\\/11\\\/IMG_5753.jpg\",\"contentUrl\":\"https:\\\/\\\/ledamoslavuelta.org\\\/wp-content\\\/uploads\\\/2023\\\/11\\\/IMG_5753.jpg\",\"width\":1536,\"height\":2048},{\"@type\":\"BreadcrumbList\",\"@id\":\"https:\\\/\\\/ledamoslavuelta.org\\\/index.php\\\/producto\\\/peluche-sensorial-imaginarium\\\/#breadcrumb\",\"itemListElement\":[{\"@type\":\"ListItem\",\"position\":1,\"name\":\"Portada\",\"item\":\"https:\\\/\\\/ledamoslavuelta.org\\\/\"},{\"@type\":\"ListItem\",\"position\":2,\"name\":\"Tienda Online\",\"item\":\"https:\\\/\\\/ledamoslavuelta.org\\\/index.php\\\/tienda-online\\\/\"},{\"@type\":\"ListItem\",\"position\":3,\"name\":\"Peluche Sensorial Imaginarium\"}]},{\"@type\":\"WebSite\",\"@id\":\"https:\\\/\\\/ledamoslavuelta.org\\\/#website\",\"url\":\"https:\\\/\\\/ledamoslavuelta.org\\\/\",\"name\":\"Le damos la vuelta\",\"description\":\"Tu eres parte del cambio\",\"publisher\":{\"@id\":\"https:\\\/\\\/ledamoslavuelta.org\\\/#organization\"},\"potentialAction\":[{\"@type\":\"SearchAction\",\"target\":{\"@type\":\"EntryPoint\",\"urlTemplate\":\"https:\\\/\\\/ledamoslavuelta.org\\\/?s={search_term_string}\"},\"query-input\":{\"@type\":\"PropertyValueSpecification\",\"valueRequired\":true,\"valueName\":\"search_term_string\"}}],\"inLanguage\":\"es\"},{\"@type\":\"Organization\",\"@id\":\"https:\\\/\\\/ledamoslavuelta.org\\\/#organization\",\"name\":\"Le damos la vuelta\",\"url\":\"https:\\\/\\\/ledamoslavuelta.org\\\/\",\"logo\":{\"@type\":\"ImageObject\",\"inLanguage\":\"es\",\"@id\":\"https:\\\/\\\/ledamoslavuelta.org\\\/#\\\/schema\\\/logo\\\/image\\\/\",\"url\":\"https:\\\/\\\/ledamoslavuelta.org\\\/wp-content\\\/uploads\\\/2022\\\/03\\\/cropped-Def-copia.png\",\"contentUrl\":\"https:\\\/\\\/ledamoslavuelta.org\\\/wp-content\\\/uploads\\\/2022\\\/03\\\/cropped-Def-copia.png\",\"width\":4334,\"height\":3678,\"caption\":\"Le damos la vuelta\"},\"image\":{\"@id\":\"https:\\\/\\\/ledamoslavuelta.org\\\/#\\\/schema\\\/logo\\\/image\\\/\"}}]}<\/script>\n<!-- \/ Yoast SEO plugin. -->","yoast_head_json":{"title":"Peluche Sensorial Imaginarium - Le damos la vuelta","description":"Peluche Sensorial de Imaginarium, juguete suave y colorido para desarrollo t\u00e1ctil en ni\u00f1os. Segunda mano, excelente condici\u00f3n.","robots":{"index":"index","follow":"follow","max-snippet":"max-snippet:-1","max-image-preview":"max-image-preview:large","max-video-preview":"max-video-preview:-1"},"canonical":"https:\/\/ledamoslavuelta.org\/index.php\/producto\/peluche-sensorial-imaginarium\/","og_locale":"es_ES","og_type":"article","og_title":"Peluche Sensorial Imaginarium - Le damos la vuelta","og_description":"Peluche Sensorial de Imaginarium, juguete suave y colorido para desarrollo t\u00e1ctil en ni\u00f1os. Segunda mano, excelente condici\u00f3n.","og_url":"https:\/\/ledamoslavuelta.org\/index.php\/producto\/peluche-sensorial-imaginarium\/","og_site_name":"Le damos la vuelta","article_modified_time":"2025-03-04T13:07:07+00:00","og_image":[{"width":1536,"height":2048,"url":"https:\/\/ledamoslavuelta.org\/wp-content\/uploads\/2023\/11\/IMG_5753.jpg","type":"image\/jpeg"}],"twitter_card":"summary_large_image","twitter_misc":{"Tiempo de lectura":"1 minuto"},"schema":{"@context":"https:\/\/schema.org","@graph":[{"@type":"WebPage","@id":"https:\/\/ledamoslavuelta.org\/index.php\/producto\/peluche-sensorial-imaginarium\/","url":"https:\/\/ledamoslavuelta.org\/index.php\/producto\/peluche-sensorial-imaginarium\/","name":"Peluche Sensorial Imaginarium - Le damos la vuelta","isPartOf":{"@id":"https:\/\/ledamoslavuelta.org\/#website"},"primaryImageOfPage":{"@id":"https:\/\/ledamoslavuelta.org\/index.php\/producto\/peluche-sensorial-imaginarium\/#primaryimage"},"image":{"@id":"https:\/\/ledamoslavuelta.org\/index.php\/producto\/peluche-sensorial-imaginarium\/#primaryimage"},"thumbnailUrl":"https:\/\/ledamoslavuelta.org\/wp-content\/uploads\/2023\/11\/IMG_5753.jpg","datePublished":"2023-11-14T15:35:54+00:00","dateModified":"2025-03-04T13:07:07+00:00","description":"Peluche Sensorial de Imaginarium, juguete suave y colorido para desarrollo t\u00e1ctil en ni\u00f1os. Segunda mano, excelente condici\u00f3n.","breadcrumb":{"@id":"https:\/\/ledamoslavuelta.org\/index.php\/producto\/peluche-sensorial-imaginarium\/#breadcrumb"},"inLanguage":"es","potentialAction":[{"@type":"ReadAction","target":["https:\/\/ledamoslavuelta.org\/index.php\/producto\/peluche-sensorial-imaginarium\/"]}]},{"@type":"ImageObject","inLanguage":"es","@id":"https:\/\/ledamoslavuelta.org\/index.php\/producto\/peluche-sensorial-imaginarium\/#primaryimage","url":"https:\/\/ledamoslavuelta.org\/wp-content\/uploads\/2023\/11\/IMG_5753.jpg","contentUrl":"https:\/\/ledamoslavuelta.org\/wp-content\/uploads\/2023\/11\/IMG_5753.jpg","width":1536,"height":2048},{"@type":"BreadcrumbList","@id":"https:\/\/ledamoslavuelta.org\/index.php\/producto\/peluche-sensorial-imaginarium\/#breadcrumb","itemListElement":[{"@type":"ListItem","position":1,"name":"Portada","item":"https:\/\/ledamoslavuelta.org\/"},{"@type":"ListItem","position":2,"name":"Tienda Online","item":"https:\/\/ledamoslavuelta.org\/index.php\/tienda-online\/"},{"@type":"ListItem","position":3,"name":"Peluche Sensorial Imaginarium"}]},{"@type":"WebSite","@id":"https:\/\/ledamoslavuelta.org\/#website","url":"https:\/\/ledamoslavuelta.org\/","name":"Le damos la vuelta","description":"Tu eres parte del cambio","publisher":{"@id":"https:\/\/ledamoslavuelta.org\/#organization"},"potentialAction":[{"@type":"SearchAction","target":{"@type":"EntryPoint","urlTemplate":"https:\/\/ledamoslavuelta.org\/?s={search_term_string}"},"query-input":{"@type":"PropertyValueSpecification","valueRequired":true,"valueName":"search_term_string"}}],"inLanguage":"es"},{"@type":"Organization","@id":"https:\/\/ledamoslavuelta.org\/#organization","name":"Le damos la vuelta","url":"https:\/\/ledamoslavuelta.org\/","logo":{"@type":"ImageObject","inLanguage":"es","@id":"https:\/\/ledamoslavuelta.org\/#\/schema\/logo\/image\/","url":"https:\/\/ledamoslavuelta.org\/wp-content\/uploads\/2022\/03\/cropped-Def-copia.png","contentUrl":"https:\/\/ledamoslavuelta.org\/wp-content\/uploads\/2022\/03\/cropped-Def-copia.png","width":4334,"height":3678,"caption":"Le damos la vuelta"},"image":{"@id":"https:\/\/ledamoslavuelta.org\/#\/schema\/logo\/image\/"}}]}},"jetpack_sharing_enabled":true,"_links":{"self":[{"href":"https:\/\/ledamoslavuelta.org\/index.php\/wp-json\/wp\/v2\/product\/531","targetHints":{"allow":["GET"]}}],"collection":[{"href":"https:\/\/ledamoslavuelta.org\/index.php\/wp-json\/wp\/v2\/product"}],"about":[{"href":"https:\/\/ledamoslavuelta.org\/index.php\/wp-json\/wp\/v2\/types\/product"}],"wp:featuredmedia":[{"embeddable":true,"href":"https:\/\/ledamoslavuelta.org\/index.php\/wp-json\/wp\/v2\/media\/504"}],"wp:attachment":[{"href":"https:\/\/ledamoslavuelta.org\/index.php\/wp-json\/wp\/v2\/media?parent=531"}],"wp:term":[{"taxonomy":"product_brand","embeddable":true,"href":"https:\/\/ledamoslavuelta.org\/index.php\/wp-json\/wp\/v2\/product_brand?post=531"},{"taxonomy":"product_cat","embeddable":true,"href":"https:\/\/ledamoslavuelta.org\/index.php\/wp-json\/wp\/v2\/product_cat?post=531"},{"taxonomy":"product_tag","embeddable":true,"href":"https:\/\/ledamoslavuelta.org\/index.php\/wp-json\/wp\/v2\/product_tag?post=531"}],"curies":[{"name":"wp","href":"https:\/\/api.w.org\/{rel}","templated":true}]}}